{"id":17607,"date":"2015-06-01T12:30:53","date_gmt":"2015-06-01T12:30:53","guid":{"rendered":"https:\/\/fungusless.com\/about-us\/"},"modified":"2023-03-05T07:28:56","modified_gmt":"2023-03-05T07:28:56","slug":"about-us","status":"publish","type":"page","link":"https:\/\/fungusless.com\/de\/about-us\/","title":{"rendered":"\u00dcber uns"},"content":{"rendered":"<h2 style=\"text-align: center;\"><\/h2>\n<p>Unser Ziel bei<strong><a href=\"http:\/\/simon-tom.com\/\" target=\"_blank\" rel=\"noopener\">Simon &amp; Tom<\/a><\/strong>ist es, Sie, unsere Kunden, mit qualitativ hochwertigen Sch\u00f6nheits- und Pflegeprodukten zu versorgen.<\/p>\n<p>Unser Hauptziel ist es, hohe Standards bei allen Produkten zu gew\u00e4hrleisten, die wir erforscht und speziell formuliert haben. Wir m\u00f6chten eine Beziehung zu unseren Kunden aufbauen, damit wir Ihre Bed\u00fcrfnisse verstehen und Ihnen die besten Qualit\u00e4tsprodukte f\u00fcr Sch\u00f6nheit und Gesundheit anbieten k\u00f6nnen.<\/p>\n<p>Die <strong><a href=\"http:\/\/simon-tom.com\/\" target=\"_blank\" rel=\"noopener\">Simon &amp; Tom<\/a><\/strong> entstand aus der Liebe zu <strong>hochwertigen Sch\u00f6nheitsprodukten<\/strong>, die<strong> reich an nat\u00fcrlichen \u00d6len und Extrakten sind.<\/strong><\/p>\n<p>Ein \u00d6l, das in vielen unserer Produkte enthalten ist, ist das marokkanische <a href=\"http:\/\/fungusless.com\/update\/#natural-formula\">Argan\u00f6l<\/a>, das wir selbst herstellen, um sicherzustellen, dass nur das feinste und hochwertigste \u00d6l verwendet wird. <a href=\"http:\/\/fungusless.com\/update\/#natural-formula\">Argan\u00f6l<\/a> ist reich an Vitamin E, Antioxidantien und anderen Fetts\u00e4uren und ist bekannt f\u00fcr seine feuchtigkeitsspendenden Eigenschaften, da es leicht in Haut, Haare und N\u00e4gel einzieht und sie von innen heraus repariert, heilt und sch\u00fctzt.<\/p>\n<p><strong><a href=\"http:\/\/simon-tom.com\/\" target=\"_blank\" rel=\"noopener\">Simon &amp; Tom<\/a><\/strong> vertreibt seit mehr als 10 Jahren weltweit <a href=\"http:\/\/fungusless.com\/#what-is-fungusless\">FungusLess<\/a>, <a href=\"http:\/\/simon-tom.com\/product\/moroccan-treatment\/\" target=\"_blank\" rel=\"noopener\">Moroccan Hair Treatment<\/a>, <a href=\"http:\/\/simon-tom.com\/product\/eyelashes-growth-serum\/\" target=\"_blank\" rel=\"noopener\">Eyelashes Growth Serum<\/a>, <a href=\"http:\/\/simon-tom.com\/product\/callus-removing-gel\/\">Callus Removing Gel<\/a>, <a href=\"http:\/\/simon-tom.com\/product\/soft-peeling\/\">Soft Peeling Gel<\/a> und viele andere Sch\u00f6nheits- und Gesundheitsprodukte an Distributoren, Sch\u00f6nheitssalons und Gesch\u00e4fte in mehr als 30 L\u00e4ndern.<\/p>\n<div><\/div>\n<div>Wenn Sie R\u00fcckmeldungen, Vorschl\u00e4ge oder Fragen haben, freuen wir uns \u00fcber diese. Gerne k\u00f6nnen Sie <strong><a href=\"http:\/\/fungusless.com\/update\/contact\/\" target=\"_blank\" rel=\"noopener\">kontaktieren Sie uns<\/a><\/strong>oder besuchen Sie uns in den sozialen Medien.<\/div>\n<p style=\"text-align: center; font-size: 12px;\">\n<p>&nbsp;<\/p>\n","protected":false},"excerpt":{"rendered":"<p>Unser Ziel beiSimon &amp; Tomist es, Sie, unsere Kunden, mit qualitativ hochwertigen Sch\u00f6nheits- und Pflegeprodukten zu versorgen. Unser Hauptziel ist es, hohe Standards bei allen Produkten zu gew\u00e4hrleisten, die wir erforscht und speziell formuliert haben. Wir m\u00f6chten eine Beziehung zu unseren Kunden aufbauen, damit wir Ihre Bed\u00fcrfnisse verstehen und Ihnen die besten Qualit\u00e4tsprodukte f\u00fcr Sch\u00f6nheit [&hellip;]<\/p>\n","protected":false},"author":98,"featured_media":0,"parent":0,"menu_order":0,"comment_status":"closed","ping_status":"open","template":"","meta":{"site-sidebar-layout":"default","site-content-layout":"default","ast-site-content-layout":"","site-content-style":"default","site-sidebar-style":"default","ast-global-header-display":"","ast-banner-title-visibility":"","ast-main-header-display":"","ast-hfb-above-header-display":"","ast-hfb-below-header-display":"","ast-hfb-mobile-header-display":"","site-post-title":"","ast-breadcrumbs-content":"","ast-featured-img":"","footer-sml-layout":"","theme-transparent-header-meta":"default","adv-header-id-meta":"","stick-header-meta":"","header-above-stick-meta":"","header-main-stick-meta":"","header-below-stick-meta":"","astra-migrate-meta-layouts":"default","ast-page-background-enabled":"default","ast-page-background-meta":{"desktop":{"background-color":"var(--ast-global-color-4)","background-image":"","background-repeat":"repeat","background-position":"center center","background-size":"auto","background-attachment":"scroll","background-type":"","background-media":"","overlay-type":"","overlay-color":"","overlay-opacity":"","overlay-gradient":""},"tablet":{"background-color":"","background-image":"","background-repeat":"repeat","background-position":"center center","background-size":"auto","background-attachment":"scroll","background-type":"","background-media":"","overlay-type":"","overlay-color":"","overlay-opacity":"","overlay-gradient":""},"mobile":{"background-color":"","background-image":"","background-repeat":"repeat","background-position":"center center","background-size":"auto","background-attachment":"scroll","background-type":"","background-media":"","overlay-type":"","overlay-color":"","overlay-opacity":"","overlay-gradient":""}},"ast-content-background-meta":{"desktop":{"background-color":"var(--ast-global-color-5)","background-image":"","background-repeat":"repeat","background-position":"center center","background-size":"auto","background-attachment":"scroll","background-type":"","background-media":"","overlay-type":"","overlay-color":"","overlay-opacity":"","overlay-gradient":""},"tablet":{"background-color":"var(--ast-global-color-5)","background-image":"","background-repeat":"repeat","background-position":"center center","background-size":"auto","background-attachment":"scroll","background-type":"","background-media":"","overlay-type":"","overlay-color":"","overlay-opacity":"","overlay-gradient":""},"mobile":{"background-color":"var(--ast-global-color-5)","background-image":"","background-repeat":"repeat","background-position":"center center","background-size":"auto","background-attachment":"scroll","background-type":"","background-media":"","overlay-type":"","overlay-color":"","overlay-opacity":"","overlay-gradient":""}},"footnotes":""},"class_list":["post-17607","page","type-page","status-publish","hentry"],"_links":{"self":[{"href":"https:\/\/fungusless.com\/de\/wp-json\/wp\/v2\/pages\/17607"}],"collection":[{"href":"https:\/\/fungusless.com\/de\/wp-json\/wp\/v2\/pages"}],"about":[{"href":"https:\/\/fungusless.com\/de\/wp-json\/wp\/v2\/types\/page"}],"author":[{"embeddable":true,"href":"https:\/\/fungusless.com\/de\/wp-json\/wp\/v2\/users\/98"}],"replies":[{"embeddable":true,"href":"https:\/\/fungusless.com\/de\/wp-json\/wp\/v2\/comments?post=17607"}],"version-history":[{"count":3,"href":"https:\/\/fungusless.com\/de\/wp-json\/wp\/v2\/pages\/17607\/revisions"}],"predecessor-version":[{"id":17614,"href":"https:\/\/fungusless.com\/de\/wp-json\/wp\/v2\/pages\/17607\/revisions\/17614"}],"wp:attachment":[{"href":"https:\/\/fungusless.com\/de\/wp-json\/wp\/v2\/media?parent=17607"}],"curies":[{"name":"wp","href":"https:\/\/api.w.org\/{rel}","templated":true}]}}