{"id":17747,"date":"2023-02-13T16:59:42","date_gmt":"2023-02-13T16:59:42","guid":{"rendered":"https:\/\/fungusless.com\/product\/fungusless-foot-cream\/"},"modified":"2023-03-07T12:13:35","modified_gmt":"2023-03-07T12:13:35","slug":"fungusless-foot-cream","status":"publish","type":"product","link":"https:\/\/fungusless.com\/de\/product\/fungusless-foot-cream\/","title":{"rendered":"FungusLess <br> Fu\u00dfcreme"},"content":{"rendered":"<p>Simon &amp; Tom Foot Cream ist eine hochwertige antibakterielle, feuchtigkeitsspendende und regenerierende Fu\u00dfcreme, die speziell f\u00fcr trockene Haut und rissige Fersen entwickelt wurde. Diese Fu\u00dfcreme besteht aus nat\u00fcrlichen Inhaltsstoffen wie Argan\u00f6l, Teebaum\u00f6l und Pfefferminze, die Ihre F\u00fc\u00dfe intensiv mit Feuchtigkeit und N\u00e4hrstoffen versorgen. Das Argan\u00f6l spendet Feuchtigkeit und regeneriert die Haut, w\u00e4hrend das Teebaum\u00f6l antibakterielle und antimykotische Eigenschaften hat, die dazu beitragen, dass Ihre F\u00fc\u00dfe sauber und gesund bleiben. Der Zusatz von Pfefferminze sorgt f\u00fcr ein erfrischendes und belebendes Gef\u00fchl und macht diese Creme zu einer perfekten Wahl f\u00fcr eine entspannende Fu\u00dfmassage nach einem langen Tag.<\/p>\n","protected":false},"excerpt":{"rendered":"<p>Simon &amp; Tom Foot Cream ist eine hochwertige antibakterielle, feuchtigkeitsspendende und regenerierende Fu\u00dfcreme, die speziell f\u00fcr trockene Haut und rissige Fersen entwickelt wurde. Diese Fu\u00dfcreme besteht aus nat\u00fcrlichen Inhaltsstoffen wie Argan\u00f6l, Teebaum\u00f6l und Pfefferminze, die Ihre F\u00fc\u00dfe intensiv mit Feuchtigkeit und N\u00e4hrstoffen versorgen. Das Argan\u00f6l spendet Feuchtigkeit und regeneriert die Haut, w\u00e4hrend das Teebaum\u00f6l antibakterielle und antimykotische Eigenschaften hat, die dazu beitragen, dass Ihre F\u00fc\u00dfe sauber und gesund bleiben. Der Zusatz von Pfefferminze sorgt f\u00fcr ein erfrischendes und belebendes Gef\u00fchl und macht diese Creme zu einer perfekten Wahl f\u00fcr eine entspannende Fu\u00dfmassage nach einem langen Tag.<\/p>\n","protected":false},"featured_media":17750,"comment_status":"open","ping_status":"closed","template":"","meta":{"site-sidebar-layout":"default","site-content-layout":"default","ast-site-content-layout":"","site-content-style":"default","site-sidebar-style":"default","ast-global-header-display":"","ast-banner-title-visibility":"","ast-main-header-display":"","ast-hfb-above-header-display":"","ast-hfb-below-header-display":"","ast-hfb-mobile-header-display":"","site-post-title":"","ast-breadcrumbs-content":"","ast-featured-img":"","footer-sml-layout":"","theme-transparent-header-meta":"default","adv-header-id-meta":"","stick-header-meta":"","header-above-stick-meta":"","header-main-stick-meta":"","header-below-stick-meta":"","astra-migrate-meta-layouts":"default","ast-page-background-enabled":"default","ast-page-background-meta":{"desktop":{"background-color":"var(--ast-global-color-4)","background-image":"","background-repeat":"repeat","background-position":"center center","background-size":"auto","background-attachment":"scroll","background-type":"","background-media":"","overlay-type":"","overlay-color":"","overlay-opacity":"","overlay-gradient":""},"tablet":{"background-color":"","background-image":"","background-repeat":"repeat","background-position":"center center","background-size":"auto","background-attachment":"scroll","background-type":"","background-media":"","overlay-type":"","overlay-color":"","overlay-opacity":"","overlay-gradient":""},"mobile":{"background-color":"","background-image":"","background-repeat":"repeat","background-position":"center center","background-size":"auto","background-attachment":"scroll","background-type":"","background-media":"","overlay-type":"","overlay-color":"","overlay-opacity":"","overlay-gradient":""}},"ast-content-background-meta":{"desktop":{"background-color":"var(--ast-global-color-5)","background-image":"","background-repeat":"repeat","background-position":"center center","background-size":"auto","background-attachment":"scroll","background-type":"","background-media":"","overlay-type":"","overlay-color":"","overlay-opacity":"","overlay-gradient":""},"tablet":{"background-color":"var(--ast-global-color-5)","background-image":"","background-repeat":"repeat","background-position":"center center","background-size":"auto","background-attachment":"scroll","background-type":"","background-media":"","overlay-type":"","overlay-color":"","overlay-opacity":"","overlay-gradient":""},"mobile":{"background-color":"var(--ast-global-color-5)","background-image":"","background-repeat":"repeat","background-position":"center center","background-size":"auto","background-attachment":"scroll","background-type":"","background-media":"","overlay-type":"","overlay-color":"","overlay-opacity":"","overlay-gradient":""}}},"product_brand":[],"product_cat":[232],"product_tag":[233,234,235,236,237,238,239,240,241,242,243,244,245,246],"class_list":{"0":"post-17747","1":"product","2":"type-product","3":"status-publish","4":"has-post-thumbnail","6":"product_cat-fungusless-de","7":"product_tag-argan-oil-de","8":"product_tag-clove-oil-de","9":"product_tag-fungal-nail-infectiion-de","10":"product_tag-fungus-less-de","11":"product_tag-fungusless-de","12":"product_tag-nail-care-de","13":"product_tag-nail-fungus-de","14":"product_tag-nail-fungus-treatment-de","15":"product_tag-nail-infection-de","16":"product_tag-natural-formula-de","17":"product_tag-rosemary-oil-de","18":"product_tag-simon-tom-de","19":"product_tag-simontom-de","20":"product_tag-tea-tree-oil-de","21":"desktop-align-center","22":"tablet-align-center","23":"mobile-align-left","25":"first","26":"instock","27":"featured","28":"shipping-taxable","29":"purchasable","30":"product-type-simple"},"_links":{"self":[{"href":"https:\/\/fungusless.com\/de\/wp-json\/wp\/v2\/product\/17747","targetHints":{"allow":["GET"]}}],"collection":[{"href":"https:\/\/fungusless.com\/de\/wp-json\/wp\/v2\/product"}],"about":[{"href":"https:\/\/fungusless.com\/de\/wp-json\/wp\/v2\/types\/product"}],"replies":[{"embeddable":true,"href":"https:\/\/fungusless.com\/de\/wp-json\/wp\/v2\/comments?post=17747"}],"wp:featuredmedia":[{"embeddable":true,"href":"https:\/\/fungusless.com\/de\/wp-json\/wp\/v2\/media\/17750"}],"wp:attachment":[{"href":"https:\/\/fungusless.com\/de\/wp-json\/wp\/v2\/media?parent=17747"}],"wp:term":[{"taxonomy":"product_brand","embeddable":true,"href":"https:\/\/fungusless.com\/de\/wp-json\/wp\/v2\/product_brand?post=17747"},{"taxonomy":"product_cat","embeddable":true,"href":"https:\/\/fungusless.com\/de\/wp-json\/wp\/v2\/product_cat?post=17747"},{"taxonomy":"product_tag","embeddable":true,"href":"https:\/\/fungusless.com\/de\/wp-json\/wp\/v2\/product_tag?post=17747"}],"curies":[{"name":"wp","href":"https:\/\/api.w.org\/{rel}","templated":true}]}}