{"id":26256,"date":"2015-06-01T12:30:53","date_gmt":"2015-06-01T12:30:53","guid":{"rendered":"https:\/\/fungusless.com\/about-us\/"},"modified":"2023-04-12T12:53:52","modified_gmt":"2023-04-12T12:53:52","slug":"about-us","status":"publish","type":"page","link":"https:\/\/fungusless.com\/es\/about-us\/","title":{"rendered":"Sobre nosotros"},"content":{"rendered":"<h2 style=\"text-align: center;\"><\/h2>\n<p>En <strong><a href=\"http:\/\/simon-tom.com\/\" target=\"_blank\" rel=\"noopener\">Simon &amp; Tom<\/a>,<\/strong>nuestro objetivo es suministrarle a usted, nuestro cliente, productos de belleza y cuidado de la salud de muy alta calidad.<\/p>\n<p>Nuestro principal objetivo es garantizar un alto nivel en todos los productos que hemos investigado y formulado especialmente. Queremos desarrollar una relaci\u00f3n con nuestros clientes para entender sus necesidades y ofrecerles productos de belleza y salud de la mejor calidad.<\/p>\n<p>La <strong><a href=\"http:\/\/simon-tom.com\/\" target=\"_blank\" rel=\"noopener\">Simon &amp; Tom<\/a><\/strong> naci\u00f3 del amor por los <strong>productos de belleza de calidad superior<\/strong><strong> ricos en aceites y extractos naturales.<\/strong><\/p>\n<p>Uno de los aceites que est\u00e1 presente en muchos de nuestros productos es <a href=\"http:\/\/fungusless.com\/update\/#natural-formula\">el aceite de arg\u00e1n<\/a> marroqu\u00ed, que producimos nosotros mismos, garantizando as\u00ed que s\u00f3lo se utiliza el mejor aceite de la m\u00e1s alta calidad. El <a href=\"http:\/\/fungusless.com\/update\/#natural-formula\">aceite de arg\u00e1n<\/a> es rico en vitamina E, antioxidantes y otros \u00e1cidos grasos, y es famoso por sus propiedades hidratantes, ya que se absorbe f\u00e1cilmente en la piel, el cabello y las u\u00f1as, reparando, curando y protegiendo desde el interior.<\/p>\n<p><strong><a href=\"http:\/\/simon-tom.com\/\" target=\"_blank\" rel=\"noopener\">Simon &amp; Tom<\/a><\/strong> lleva m\u00e1s de 10 a\u00f1os vendiendo <a href=\"http:\/\/fungusless.com\/#what-is-fungusless\">FungusLess<\/a>, <a href=\"http:\/\/simon-tom.com\/product\/moroccan-treatment\/\" target=\"_blank\" rel=\"noopener\">Moroccan Hair Treatment<\/a>, <a href=\"http:\/\/simon-tom.com\/product\/eyelashes-growth-serum\/\" target=\"_blank\" rel=\"noopener\">Eyelashes Growth Serum<\/a>, <a href=\"http:\/\/simon-tom.com\/product\/callus-removing-gel\/\">Callus Removing Gel<\/a>, <a href=\"http:\/\/simon-tom.com\/product\/soft-peeling\/\">Soft Peeling Gel<\/a> y muchos otros productos de belleza y cuidado de la salud en todo el mundo a distribuidores, salones de belleza y tiendas de m\u00e1s de 30 pa\u00edses.<\/p>\n<div><\/div>\n<div>Si tiene alg\u00fan comentario, sugerencia o pregunta, estaremos encantados de recibirlos. No dude en <strong><a href=\"http:\/\/fungusless.com\/update\/contact\/\" target=\"_blank\" rel=\"noopener\">contactar con nosotros<\/a><\/strong>en cualquier momento o \u00fanase a nosotros en las redes sociales.<\/div>\n<p>&nbsp;<\/p>\n","protected":false},"excerpt":{"rendered":"<p>En Simon &amp; Tom,nuestro objetivo es suministrarle a usted, nuestro cliente, productos de belleza y cuidado de la salud de muy alta calidad. Nuestro principal objetivo es garantizar un alto nivel en todos los productos que hemos investigado y formulado especialmente. Queremos desarrollar una relaci\u00f3n con nuestros clientes para entender sus necesidades y ofrecerles productos [&hellip;]<\/p>\n","protected":false},"author":98,"featured_media":0,"parent":0,"menu_order":0,"comment_status":"closed","ping_status":"open","template":"","meta":{"site-sidebar-layout":"default","site-content-layout":"default","ast-site-content-layout":"","site-content-style":"default","site-sidebar-style":"default","ast-global-header-display":"","ast-banner-title-visibility":"","ast-main-header-display":"","ast-hfb-above-header-display":"","ast-hfb-below-header-display":"","ast-hfb-mobile-header-display":"","site-post-title":"","ast-breadcrumbs-content":"","ast-featured-img":"","footer-sml-layout":"","theme-transparent-header-meta":"default","adv-header-id-meta":"","stick-header-meta":"","header-above-stick-meta":"","header-main-stick-meta":"","header-below-stick-meta":"","astra-migrate-meta-layouts":"default","ast-page-background-enabled":"default","ast-page-background-meta":{"desktop":{"background-color":"var(--ast-global-color-4)","background-image":"","background-repeat":"repeat","background-position":"center center","background-size":"auto","background-attachment":"scroll","background-type":"","background-media":"","overlay-type":"","overlay-color":"","overlay-opacity":"","overlay-gradient":""},"tablet":{"background-color":"","background-image":"","background-repeat":"repeat","background-position":"center center","background-size":"auto","background-attachment":"scroll","background-type":"","background-media":"","overlay-type":"","overlay-color":"","overlay-opacity":"","overlay-gradient":""},"mobile":{"background-color":"","background-image":"","background-repeat":"repeat","background-position":"center center","background-size":"auto","background-attachment":"scroll","background-type":"","background-media":"","overlay-type":"","overlay-color":"","overlay-opacity":"","overlay-gradient":""}},"ast-content-background-meta":{"desktop":{"background-color":"var(--ast-global-color-5)","background-image":"","background-repeat":"repeat","background-position":"center center","background-size":"auto","background-attachment":"scroll","background-type":"","background-media":"","overlay-type":"","overlay-color":"","overlay-opacity":"","overlay-gradient":""},"tablet":{"background-color":"var(--ast-global-color-5)","background-image":"","background-repeat":"repeat","background-position":"center center","background-size":"auto","background-attachment":"scroll","background-type":"","background-media":"","overlay-type":"","overlay-color":"","overlay-opacity":"","overlay-gradient":""},"mobile":{"background-color":"var(--ast-global-color-5)","background-image":"","background-repeat":"repeat","background-position":"center center","background-size":"auto","background-attachment":"scroll","background-type":"","background-media":"","overlay-type":"","overlay-color":"","overlay-opacity":"","overlay-gradient":""}},"footnotes":""},"class_list":["post-26256","page","type-page","status-publish","hentry"],"_links":{"self":[{"href":"https:\/\/fungusless.com\/es\/wp-json\/wp\/v2\/pages\/26256"}],"collection":[{"href":"https:\/\/fungusless.com\/es\/wp-json\/wp\/v2\/pages"}],"about":[{"href":"https:\/\/fungusless.com\/es\/wp-json\/wp\/v2\/types\/page"}],"author":[{"embeddable":true,"href":"https:\/\/fungusless.com\/es\/wp-json\/wp\/v2\/users\/98"}],"replies":[{"embeddable":true,"href":"https:\/\/fungusless.com\/es\/wp-json\/wp\/v2\/comments?post=26256"}],"version-history":[{"count":2,"href":"https:\/\/fungusless.com\/es\/wp-json\/wp\/v2\/pages\/26256\/revisions"}],"predecessor-version":[{"id":27676,"href":"https:\/\/fungusless.com\/es\/wp-json\/wp\/v2\/pages\/26256\/revisions\/27676"}],"wp:attachment":[{"href":"https:\/\/fungusless.com\/es\/wp-json\/wp\/v2\/media?parent=26256"}],"curies":[{"name":"wp","href":"https:\/\/api.w.org\/{rel}","templated":true}]}}