{"id":27083,"date":"2015-06-01T12:15:30","date_gmt":"2015-06-01T12:15:30","guid":{"rendered":"https:\/\/fungusless.com\/reviews\/"},"modified":"2023-04-15T13:14:21","modified_gmt":"2023-04-15T13:14:21","slug":"reviews","status":"publish","type":"page","link":"https:\/\/fungusless.com\/es\/reviews\/","title":{"rendered":"Casos reales"},"content":{"rendered":"\t\t<div data-elementor-type=\"wp-page\" data-elementor-id=\"27083\" class=\"elementor elementor-27083 elementor-15473\" data-elementor-post-type=\"page\">\n\t\t\t\t\t\t<section class=\"elementor-section elementor-top-section elementor-element elementor-element-42f39d2 elementor-section-stretched elementor-section-boxed elementor-section-height-default elementor-section-height-default\" data-id=\"42f39d2\" data-element_type=\"section\" data-e-type=\"section\" data-settings=\"{&quot;stretch_section&quot;:&quot;section-stretched&quot;}\">\n\t\t\t\t\t\t<div class=\"elementor-container elementor-column-gap-default\">\n\t\t\t\t\t<div class=\"elementor-column elementor-col-50 elementor-top-column elementor-element elementor-element-a014b02\" data-id=\"a014b02\" data-element_type=\"column\" data-e-type=\"column\">\n\t\t\t<div class=\"elementor-widget-wrap elementor-element-populated\">\n\t\t\t\t\t\t<div class=\"elementor-element elementor-element-e1ba955 elementor-widget elementor-widget-image\" data-id=\"e1ba955\" data-element_type=\"widget\" data-e-type=\"widget\" data-widget_type=\"image.default\">\n\t\t\t\t<div class=\"elementor-widget-container\">\n\t\t\t\t\t\t\t\t\t\t\t\t\t\t\t<img fetchpriority=\"high\" decoding=\"async\" width=\"1024\" height=\"683\" src=\"https:\/\/fungusless.com\/wp-content\/uploads\/2023\/02\/3.png\" class=\"attachment-large size-large wp-image-27310\" alt=\"\" srcset=\"https:\/\/fungusless.com\/wp-content\/uploads\/2023\/02\/3.png 1879w, https:\/\/fungusless.com\/wp-content\/uploads\/2023\/02\/3-600x400.png 600w\" sizes=\"(max-width: 1024px) 100vw, 1024px\" \/>\t\t\t\t\t\t\t\t\t\t\t\t\t\t\t<\/div>\n\t\t\t\t<\/div>\n\t\t\t\t\t<\/div>\n\t\t<\/div>\n\t\t\t\t<div class=\"elementor-column elementor-col-50 elementor-top-column elementor-element elementor-element-7abe313\" data-id=\"7abe313\" data-element_type=\"column\" data-e-type=\"column\">\n\t\t\t<div class=\"elementor-widget-wrap elementor-element-populated\">\n\t\t\t\t\t\t<div class=\"elementor-element elementor-element-31fc440 elementor-widget elementor-widget-spacer\" data-id=\"31fc440\" data-element_type=\"widget\" data-e-type=\"widget\" data-widget_type=\"spacer.default\">\n\t\t\t\t<div class=\"elementor-widget-container\">\n\t\t\t\t\t\t\t<div class=\"elementor-spacer\">\n\t\t\t<div class=\"elementor-spacer-inner\"><\/div>\n\t\t<\/div>\n\t\t\t\t\t\t<\/div>\n\t\t\t\t<\/div>\n\t\t\t\t<div class=\"elementor-element elementor-element-83cfec3 elementor-widget elementor-widget-text-editor\" data-id=\"83cfec3\" data-element_type=\"widget\" data-e-type=\"widget\" data-widget_type=\"text-editor.default\">\n\t\t\t\t<div class=\"elementor-widget-container\">\n\t\t\t\t\t\t\t\t\t<p><strong>FungusLess<\/strong> es la \u00fanica soluci\u00f3n t\u00f3pica disponible que combate los hongos de las u\u00f1as utilizando esta mezcla \u00fanica de ingredientes naturales. Los aceites raros proceden de todo el mundo. Cada aceite tiene sus propios atributos y elementos activos.<\/p>\n\t\t\t\t\t\t\t\t<\/div>\n\t\t\t\t<\/div>\n\t\t\t\t<section class=\"elementor-section elementor-inner-section elementor-element elementor-element-5759a17 elementor-section-boxed elementor-section-height-default elementor-section-height-default\" data-id=\"5759a17\" data-element_type=\"section\" data-e-type=\"section\">\n\t\t\t\t\t\t<div class=\"elementor-container elementor-column-gap-default\">\n\t\t\t\t\t<div class=\"elementor-column elementor-col-50 elementor-inner-column elementor-element elementor-element-dca190c\" data-id=\"dca190c\" data-element_type=\"column\" data-e-type=\"column\">\n\t\t\t<div class=\"elementor-widget-wrap elementor-element-populated\">\n\t\t\t\t\t\t<div class=\"elementor-element elementor-element-a566a57 elementor-widget elementor-widget-heading\" data-id=\"a566a57\" data-element_type=\"widget\" data-e-type=\"widget\" data-widget_type=\"heading.default\">\n\t\t\t\t<div class=\"elementor-widget-container\">\n\t\t\t\t\t<h2 class=\"elementor-heading-title elementor-size-default\">Dr. Oleg Shapiro<\/h2>\t\t\t\t<\/div>\n\t\t\t\t<\/div>\n\t\t\t\t\t<\/div>\n\t\t<\/div>\n\t\t\t\t<div class=\"elementor-column elementor-col-50 elementor-inner-column elementor-element elementor-element-2441f83\" data-id=\"2441f83\" data-element_type=\"column\" data-e-type=\"column\">\n\t\t\t<div class=\"elementor-widget-wrap\">\n\t\t\t\t\t\t\t<\/div>\n\t\t<\/div>\n\t\t\t\t\t<\/div>\n\t\t<\/section>\n\t\t\t\t\t<\/div>\n\t\t<\/div>\n\t\t\t\t\t<\/div>\n\t\t<\/section>\n\t\t\t\t<section class=\"elementor-section elementor-top-section elementor-element elementor-element-54104030 elementor-section-content-middle elementor-section-full_width elementor-section-stretched elementor-section-height-default elementor-section-height-default\" data-id=\"54104030\" data-element_type=\"section\" data-e-type=\"section\" data-settings=\"{&quot;stretch_section&quot;:&quot;section-stretched&quot;,&quot;background_background&quot;:&quot;classic&quot;}\">\n\t\t\t\t\t\t\t<div class=\"elementor-background-overlay\"><\/div>\n\t\t\t\t\t\t\t<div class=\"elementor-container elementor-column-gap-no\">\n\t\t\t\t\t<div class=\"elementor-column elementor-col-100 elementor-top-column elementor-element elementor-element-226e0ae4\" data-id=\"226e0ae4\" data-element_type=\"column\" data-e-type=\"column\">\n\t\t\t<div class=\"elementor-widget-wrap elementor-element-populated\">\n\t\t\t\t\t\t<section class=\"elementor-section elementor-inner-section elementor-element elementor-element-16ab1a16 elementor-section-boxed elementor-section-height-default elementor-section-height-default\" data-id=\"16ab1a16\" data-element_type=\"section\" data-e-type=\"section\">\n\t\t\t\t\t\t<div class=\"elementor-container elementor-column-gap-no\">\n\t\t\t\t\t<div class=\"elementor-column elementor-col-25 elementor-inner-column elementor-element elementor-element-15e421fd\" data-id=\"15e421fd\" data-element_type=\"column\" data-e-type=\"column\">\n\t\t\t<div class=\"elementor-widget-wrap elementor-element-populated\">\n\t\t\t\t\t\t<div class=\"elementor-element elementor-element-51345022 elementor-view-default elementor-widget elementor-widget-icon\" data-id=\"51345022\" data-element_type=\"widget\" data-e-type=\"widget\" data-widget_type=\"icon.default\">\n\t\t\t\t<div class=\"elementor-widget-container\">\n\t\t\t\t\t\t\t<div class=\"elementor-icon-wrapper\">\n\t\t\t<div class=\"elementor-icon elementor-animation-grow\">\n\t\t\t<i aria-hidden=\"true\" class=\"fas fa-quote-left\"><\/i>\t\t\t<\/div>\n\t\t<\/div>\n\t\t\t\t\t\t<\/div>\n\t\t\t\t<\/div>\n\t\t\t\t<div class=\"elementor-element elementor-element-e36b455 elementor-blockquote--skin-boxed elementor-widget elementor-widget-blockquote\" data-id=\"e36b455\" data-element_type=\"widget\" data-e-type=\"widget\" data-widget_type=\"blockquote.default\">\n\t\t\t\t<div class=\"elementor-widget-container\">\n\t\t\t\t\t\t\t<blockquote class=\"elementor-blockquote\">\n\t\t\t<p class=\"elementor-blockquote__content\">\n\t\t\t\tMe gusta este producto porque es eficaz y resolvi\u00f3 mis u\u00f1as de los pies infectadas por hongos en poco tiempo.\n\t\t\t<\/p>\n\t\t\t\t\t\t\t<div class=\"e-q-footer\">\n\t\t\t\t\t\t\t\t\t\t\t<cite class=\"elementor-blockquote__author\">Mai van Helden<\/cite>\n\t\t\t\t\t\t\t\t\t\t\t\t\t\t<\/div>\n\t\t\t\t\t<\/blockquote>\n\t\t\t\t\t\t<\/div>\n\t\t\t\t<\/div>\n\t\t\t\t\t<\/div>\n\t\t<\/div>\n\t\t\t\t<div class=\"elementor-column elementor-col-25 elementor-inner-column elementor-element elementor-element-3cabdb67\" data-id=\"3cabdb67\" data-element_type=\"column\" data-e-type=\"column\">\n\t\t\t<div class=\"elementor-widget-wrap elementor-element-populated\">\n\t\t\t\t\t\t<div class=\"elementor-element elementor-element-5ebd32df elementor-view-default elementor-widget elementor-widget-icon\" data-id=\"5ebd32df\" data-element_type=\"widget\" data-e-type=\"widget\" data-widget_type=\"icon.default\">\n\t\t\t\t<div class=\"elementor-widget-container\">\n\t\t\t\t\t\t\t<div class=\"elementor-icon-wrapper\">\n\t\t\t<div class=\"elementor-icon elementor-animation-grow\">\n\t\t\t<i aria-hidden=\"true\" class=\"fas fa-quote-left\"><\/i>\t\t\t<\/div>\n\t\t<\/div>\n\t\t\t\t\t\t<\/div>\n\t\t\t\t<\/div>\n\t\t\t\t<div class=\"elementor-element elementor-element-25af5e7 elementor-blockquote--skin-boxed elementor-widget elementor-widget-blockquote\" data-id=\"25af5e7\" data-element_type=\"widget\" data-e-type=\"widget\" data-widget_type=\"blockquote.default\">\n\t\t\t\t<div class=\"elementor-widget-container\">\n\t\t\t\t\t\t\t<blockquote class=\"elementor-blockquote\">\n\t\t\t<p class=\"elementor-blockquote__content\">\n\t\t\t\tProducto perfecto para todo tipo de infecciones por hongos en las u\u00f1as o la piel. Tambi\u00e9n entre los dedos de los pies. Resultados instant\u00e1neos. Era extra\u00f1amente dif\u00edcil de abrir. Sin embargo, no estaba desfasado y funcionaba perfectamente como esperaba por compras anteriores. Para algunos puede resultar caro, pero merece la pena.\n\t\t\t<\/p>\n\t\t\t\t\t\t\t<div class=\"e-q-footer\">\n\t\t\t\t\t\t\t\t\t\t\t<cite class=\"elementor-blockquote__author\">Ingvar Einarsson<\/cite>\n\t\t\t\t\t\t\t\t\t\t\t\t\t\t<\/div>\n\t\t\t\t\t<\/blockquote>\n\t\t\t\t\t\t<\/div>\n\t\t\t\t<\/div>\n\t\t\t\t\t<\/div>\n\t\t<\/div>\n\t\t\t\t<div class=\"elementor-column elementor-col-25 elementor-inner-column elementor-element elementor-element-3a945fd\" data-id=\"3a945fd\" data-element_type=\"column\" data-e-type=\"column\">\n\t\t\t<div class=\"elementor-widget-wrap elementor-element-populated\">\n\t\t\t\t\t\t<div class=\"elementor-element elementor-element-4414402 elementor-view-default elementor-widget elementor-widget-icon\" data-id=\"4414402\" data-element_type=\"widget\" data-e-type=\"widget\" data-widget_type=\"icon.default\">\n\t\t\t\t<div class=\"elementor-widget-container\">\n\t\t\t\t\t\t\t<div class=\"elementor-icon-wrapper\">\n\t\t\t<div class=\"elementor-icon elementor-animation-grow\">\n\t\t\t<i aria-hidden=\"true\" class=\"fas fa-quote-left\"><\/i>\t\t\t<\/div>\n\t\t<\/div>\n\t\t\t\t\t\t<\/div>\n\t\t\t\t<\/div>\n\t\t\t\t<div class=\"elementor-element elementor-element-97e0bfa elementor-blockquote--skin-boxed elementor-widget elementor-widget-blockquote\" data-id=\"97e0bfa\" data-element_type=\"widget\" data-e-type=\"widget\" data-widget_type=\"blockquote.default\">\n\t\t\t\t<div class=\"elementor-widget-container\">\n\t\t\t\t\t\t\t<blockquote class=\"elementor-blockquote\">\n\t\t\t<p class=\"elementor-blockquote__content\">\n\t\t\t\tConoc\u00ed Fungusless hongos en las u\u00f1as en Austria. Lo he utilizado con gran \u00e9xito. Muy recomendable, sigo utiliz\u00e1ndolo.\t\t\t<\/p>\n\t\t\t\t\t\t\t<div class=\"e-q-footer\">\n\t\t\t\t\t\t\t\t\t\t\t<cite class=\"elementor-blockquote__author\">Barbara Nussholz<\/cite>\n\t\t\t\t\t\t\t\t\t\t\t\t\t\t<\/div>\n\t\t\t\t\t<\/blockquote>\n\t\t\t\t\t\t<\/div>\n\t\t\t\t<\/div>\n\t\t\t\t\t<\/div>\n\t\t<\/div>\n\t\t\t\t<div class=\"elementor-column elementor-col-25 elementor-inner-column elementor-element elementor-element-8e7f82d\" data-id=\"8e7f82d\" data-element_type=\"column\" data-e-type=\"column\">\n\t\t\t<div class=\"elementor-widget-wrap elementor-element-populated\">\n\t\t\t\t\t\t<div class=\"elementor-element elementor-element-b928ad6 elementor-view-default elementor-widget elementor-widget-icon\" data-id=\"b928ad6\" data-element_type=\"widget\" data-e-type=\"widget\" data-widget_type=\"icon.default\">\n\t\t\t\t<div class=\"elementor-widget-container\">\n\t\t\t\t\t\t\t<div class=\"elementor-icon-wrapper\">\n\t\t\t<div class=\"elementor-icon elementor-animation-grow\">\n\t\t\t<i aria-hidden=\"true\" class=\"fas fa-quote-left\"><\/i>\t\t\t<\/div>\n\t\t<\/div>\n\t\t\t\t\t\t<\/div>\n\t\t\t\t<\/div>\n\t\t\t\t<div class=\"elementor-element elementor-element-e2b1d23 elementor-blockquote--skin-boxed elementor-widget elementor-widget-blockquote\" data-id=\"e2b1d23\" data-element_type=\"widget\" data-e-type=\"widget\" data-widget_type=\"blockquote.default\">\n\t\t\t\t<div class=\"elementor-widget-container\">\n\t\t\t\t\t\t\t<blockquote class=\"elementor-blockquote\">\n\t\t\t<p class=\"elementor-blockquote__content\">\n\t\t\t\tCompr\u00e9 lo mismo en Meran hace 6 meses, lo apliqu\u00e9 dos veces al d\u00eda y obtuve grandes resultados. La Pils ha desaparecido casi por completo desde septiembre hasta hoy.\t\t\t<\/p>\n\t\t\t\t\t\t\t<div class=\"e-q-footer\">\n\t\t\t\t\t\t\t\t\t\t\t<cite class=\"elementor-blockquote__author\">BREUER JEANNOT<\/cite>\n\t\t\t\t\t\t\t\t\t\t\t\t\t\t<\/div>\n\t\t\t\t\t<\/blockquote>\n\t\t\t\t\t\t<\/div>\n\t\t\t\t<\/div>\n\t\t\t\t\t<\/div>\n\t\t<\/div>\n\t\t\t\t\t<\/div>\n\t\t<\/section>\n\t\t\t\t\t<\/div>\n\t\t<\/div>\n\t\t\t\t\t<\/div>\n\t\t<\/section>\n\t\t\t\t<section class=\"elementor-section elementor-top-section elementor-element elementor-element-22a1e1d elementor-section-boxed elementor-section-height-default elementor-section-height-default\" data-id=\"22a1e1d\" data-element_type=\"section\" data-e-type=\"section\">\n\t\t\t\t\t\t<div class=\"elementor-container elementor-column-gap-default\">\n\t\t\t\t\t<div class=\"elementor-column elementor-col-33 elementor-top-column elementor-element elementor-element-2007257\" data-id=\"2007257\" data-element_type=\"column\" data-e-type=\"column\">\n\t\t\t<div class=\"elementor-widget-wrap elementor-element-populated\">\n\t\t\t\t\t\t<div class=\"elementor-element elementor-element-999370c elementor-widget elementor-widget-image\" data-id=\"999370c\" data-element_type=\"widget\" data-e-type=\"widget\" data-widget_type=\"image.default\">\n\t\t\t\t<div class=\"elementor-widget-container\">\n\t\t\t\t\t\t\t\t\t\t\t\t\t\t\t<img decoding=\"async\" width=\"971\" height=\"961\" src=\"https:\/\/fungusless.com\/wp-content\/uploads\/2023\/03\/OBJECTS-1.png\" class=\"attachment-large size-large wp-image-27662\" alt=\"\" srcset=\"https:\/\/fungusless.com\/wp-content\/uploads\/2023\/03\/OBJECTS-1.png 971w, https:\/\/fungusless.com\/wp-content\/uploads\/2023\/03\/OBJECTS-1-300x297.png 300w, https:\/\/fungusless.com\/wp-content\/uploads\/2023\/03\/OBJECTS-1-768x760.png 768w, https:\/\/fungusless.com\/wp-content\/uploads\/2023\/03\/OBJECTS-1-600x594.png 600w, https:\/\/fungusless.com\/wp-content\/uploads\/2023\/03\/OBJECTS-1-100x100.png 100w\" sizes=\"(max-width: 971px) 100vw, 971px\" \/>\t\t\t\t\t\t\t\t\t\t\t\t\t\t\t<\/div>\n\t\t\t\t<\/div>\n\t\t\t\t\t<\/div>\n\t\t<\/div>\n\t\t\t\t<div class=\"elementor-column elementor-col-33 elementor-top-column elementor-element elementor-element-f6f0cb9\" data-id=\"f6f0cb9\" data-element_type=\"column\" data-e-type=\"column\">\n\t\t\t<div class=\"elementor-widget-wrap elementor-element-populated\">\n\t\t\t\t\t\t<div class=\"elementor-element elementor-element-cebdda1 elementor-widget elementor-widget-image\" data-id=\"cebdda1\" data-element_type=\"widget\" data-e-type=\"widget\" data-widget_type=\"image.default\">\n\t\t\t\t<div class=\"elementor-widget-container\">\n\t\t\t\t\t\t\t\t\t\t\t\t\t\t\t<img decoding=\"async\" width=\"870\" height=\"869\" src=\"https:\/\/fungusless.com\/wp-content\/uploads\/2023\/03\/OBJECTS2-1.png\" class=\"attachment-large size-large wp-image-27668\" alt=\"\" srcset=\"https:\/\/fungusless.com\/wp-content\/uploads\/2023\/03\/OBJECTS2-1.png 870w, https:\/\/fungusless.com\/wp-content\/uploads\/2023\/03\/OBJECTS2-1-300x300.png 300w, https:\/\/fungusless.com\/wp-content\/uploads\/2023\/03\/OBJECTS2-1-150x150.png 150w, https:\/\/fungusless.com\/wp-content\/uploads\/2023\/03\/OBJECTS2-1-768x767.png 768w, https:\/\/fungusless.com\/wp-content\/uploads\/2023\/03\/OBJECTS2-1-400x400.png 400w, https:\/\/fungusless.com\/wp-content\/uploads\/2023\/03\/OBJECTS2-1-600x599.png 600w, https:\/\/fungusless.com\/wp-content\/uploads\/2023\/03\/OBJECTS2-1-100x100.png 100w\" sizes=\"(max-width: 870px) 100vw, 870px\" \/>\t\t\t\t\t\t\t\t\t\t\t\t\t\t\t<\/div>\n\t\t\t\t<\/div>\n\t\t\t\t\t<\/div>\n\t\t<\/div>\n\t\t\t\t<div class=\"elementor-column elementor-col-33 elementor-top-column elementor-element elementor-element-32da6f9\" data-id=\"32da6f9\" data-element_type=\"column\" data-e-type=\"column\">\n\t\t\t<div class=\"elementor-widget-wrap elementor-element-populated\">\n\t\t\t\t\t\t<div class=\"elementor-element elementor-element-0fa63c0 elementor-widget elementor-widget-image\" data-id=\"0fa63c0\" data-element_type=\"widget\" data-e-type=\"widget\" data-widget_type=\"image.default\">\n\t\t\t\t<div class=\"elementor-widget-container\">\n\t\t\t\t\t\t\t\t\t\t\t\t\t\t\t<img loading=\"lazy\" decoding=\"async\" width=\"1008\" height=\"1023\" src=\"https:\/\/fungusless.com\/wp-content\/uploads\/2023\/03\/OBJECTS3-2.png\" class=\"attachment-large size-large wp-image-27670\" alt=\"\" srcset=\"https:\/\/fungusless.com\/wp-content\/uploads\/2023\/03\/OBJECTS3-2.png 1008w, https:\/\/fungusless.com\/wp-content\/uploads\/2023\/03\/OBJECTS3-2-296x300.png 296w, https:\/\/fungusless.com\/wp-content\/uploads\/2023\/03\/OBJECTS3-2-768x779.png 768w, https:\/\/fungusless.com\/wp-content\/uploads\/2023\/03\/OBJECTS3-2-600x609.png 600w, https:\/\/fungusless.com\/wp-content\/uploads\/2023\/03\/OBJECTS3-2-100x100.png 100w\" sizes=\"(max-width: 1008px) 100vw, 1008px\" \/>\t\t\t\t\t\t\t\t\t\t\t\t\t\t\t<\/div>\n\t\t\t\t<\/div>\n\t\t\t\t\t<\/div>\n\t\t<\/div>\n\t\t\t\t\t<\/div>\n\t\t<\/section>\n\t\t\t\t<\/div>\n\t\t","protected":false},"excerpt":{"rendered":"<p>FungusLess es la \u00fanica soluci\u00f3n t\u00f3pica disponible que combate los hongos de las u\u00f1as utilizando esta mezcla \u00fanica de ingredientes naturales. Los aceites raros proceden de todo el mundo. Cada aceite tiene sus propios atributos y elementos activos. Dr. Oleg Shapiro Me gusta este producto porque es eficaz y resolvi\u00f3 mis u\u00f1as de los pies [&hellip;]<\/p>\n","protected":false},"author":98,"featured_media":0,"parent":0,"menu_order":0,"comment_status":"closed","ping_status":"open","template":"","meta":{"site-sidebar-layout":"no-sidebar","site-content-layout":"plain-container","ast-site-content-layout":"","site-content-style":"default","site-sidebar-style":"default","ast-global-header-display":"","ast-banner-title-visibility":"","ast-main-header-display":"","ast-hfb-above-header-display":"","ast-hfb-below-header-display":"","ast-hfb-mobile-header-display":"","site-post-title":"disabled","ast-breadcrumbs-content":"","ast-featured-img":"disabled","footer-sml-layout":"","theme-transparent-header-meta":"default","adv-header-id-meta":"","stick-header-meta":"","header-above-stick-meta":"","header-main-stick-meta":"","header-below-stick-meta":"","astra-migrate-meta-layouts":"default","ast-page-background-enabled":"default","ast-page-background-meta":{"desktop":{"background-color":"var(--ast-global-color-4)","background-image":"","background-repeat":"repeat","background-position":"center center","background-size":"auto","background-attachment":"scroll","background-type":"","background-media":"","overlay-type":"","overlay-color":"","overlay-opacity":"","overlay-gradient":""},"tablet":{"background-color":"","background-image":"","background-repeat":"repeat","background-position":"center center","background-size":"auto","background-attachment":"scroll","background-type":"","background-media":"","overlay-type":"","overlay-color":"","overlay-opacity":"","overlay-gradient":""},"mobile":{"background-color":"","background-image":"","background-repeat":"repeat","background-position":"center center","background-size":"auto","background-attachment":"scroll","background-type":"","background-media":"","overlay-type":"","overlay-color":"","overlay-opacity":"","overlay-gradient":""}},"ast-content-background-meta":{"desktop":{"background-color":"var(--ast-global-color-5)","background-image":"","background-repeat":"repeat","background-position":"center center","background-size":"auto","background-attachment":"scroll","background-type":"","background-media":"","overlay-type":"","overlay-color":"","overlay-opacity":"","overlay-gradient":""},"tablet":{"background-color":"var(--ast-global-color-5)","background-image":"","background-repeat":"repeat","background-position":"center center","background-size":"auto","background-attachment":"scroll","background-type":"","background-media":"","overlay-type":"","overlay-color":"","overlay-opacity":"","overlay-gradient":""},"mobile":{"background-color":"var(--ast-global-color-5)","background-image":"","background-repeat":"repeat","background-position":"center center","background-size":"auto","background-attachment":"scroll","background-type":"","background-media":"","overlay-type":"","overlay-color":"","overlay-opacity":"","overlay-gradient":""}},"footnotes":""},"class_list":["post-27083","page","type-page","status-publish","hentry"],"_links":{"self":[{"href":"https:\/\/fungusless.com\/es\/wp-json\/wp\/v2\/pages\/27083"}],"collection":[{"href":"https:\/\/fungusless.com\/es\/wp-json\/wp\/v2\/pages"}],"about":[{"href":"https:\/\/fungusless.com\/es\/wp-json\/wp\/v2\/types\/page"}],"author":[{"embeddable":true,"href":"https:\/\/fungusless.com\/es\/wp-json\/wp\/v2\/users\/98"}],"replies":[{"embeddable":true,"href":"https:\/\/fungusless.com\/es\/wp-json\/wp\/v2\/comments?post=27083"}],"version-history":[{"count":4,"href":"https:\/\/fungusless.com\/es\/wp-json\/wp\/v2\/pages\/27083\/revisions"}],"predecessor-version":[{"id":27722,"href":"https:\/\/fungusless.com\/es\/wp-json\/wp\/v2\/pages\/27083\/revisions\/27722"}],"wp:attachment":[{"href":"https:\/\/fungusless.com\/es\/wp-json\/wp\/v2\/media?parent=27083"}],"curies":[{"name":"wp","href":"https:\/\/api.w.org\/{rel}","templated":true}]}}