{"id":27172,"date":"2023-03-01T10:35:46","date_gmt":"2023-03-01T10:35:46","guid":{"rendered":"https:\/\/fungusless.com\/terms-and-conditions\/"},"modified":"2023-04-12T13:11:30","modified_gmt":"2023-04-12T13:11:30","slug":"terms-and-conditions","status":"publish","type":"page","link":"https:\/\/fungusless.com\/es\/terms-and-conditions\/","title":{"rendered":"T\u00e9rminos y condiciones"},"content":{"rendered":"\t\t<div data-elementor-type=\"wp-page\" data-elementor-id=\"27172\" class=\"elementor elementor-27172 elementor-17509\" data-elementor-post-type=\"page\">\n\t\t\t\t\t\t<section class=\"elementor-section elementor-top-section elementor-element elementor-element-f5c1a6f elementor-section-boxed elementor-section-height-default elementor-section-height-default\" data-id=\"f5c1a6f\" data-element_type=\"section\" data-e-type=\"section\">\n\t\t\t\t\t\t<div class=\"elementor-container elementor-column-gap-default\">\n\t\t\t\t\t<div class=\"elementor-column elementor-col-100 elementor-top-column elementor-element elementor-element-382c617\" data-id=\"382c617\" data-element_type=\"column\" data-e-type=\"column\">\n\t\t\t<div class=\"elementor-widget-wrap elementor-element-populated\">\n\t\t\t\t\t\t<div class=\"elementor-element elementor-element-b4bd35c elementor-widget elementor-widget-text-editor\" data-id=\"b4bd35c\" data-element_type=\"widget\" data-e-type=\"widget\" data-widget_type=\"text-editor.default\">\n\t\t\t\t<div class=\"elementor-widget-container\">\n\t\t\t\t\t\t\t\t\t<h2><b>Condiciones generales<\/b><\/h2>\n<p>Fungusless es propiedad y est\u00e1 gestionado por <span style=\"background-color: var(--ast-global-color-5);\">Beauty Solutions SL, conocida como <a href=\"https:\/\/simon-tom.com\/\">Simon-tom.com<\/a><\/span>.<\/p>\n<p> que utiliza este sitio web en <a href=\"https:\/\/fungusless.com\/es\/\">www.fungusless.com<\/a> como servicio a los clientes de Fungusless y a otras personas interesadas en sus productos. Al visitar este sitio web, usted acepta, sin limitaciones ni reservas, los siguientes t\u00e9rminos y condiciones:<\/p>\n<p><strong>Uso de este sitio web y de sus datos<\/strong><\/p>\n<p>A menos que <strong>Fungusless<\/strong> lo permita expresamente por escrito o en otra parte de este sitio web, usted no puede copiar, reproducir, distribuir, publicar, almacenar, almacenar en cach\u00e9, difundir, mostrar, ejecutar, modificar, crear trabajos derivados, transferir, vender o explotar de cualquier manera el contenido de este sitio web. No debe intentar obtener listas de usuarios ni acceder a la informaci\u00f3n personal de usuarios u otras personas desde o a trav\u00e9s de este sitio web. Tampoco podr\u00e1 utilizar ara\u00f1as, rastreadores o utilidades similares ni utilizar ning\u00fan medio autom\u00e1tico para acceder o iniciar sesi\u00f3n en el sitio web para registrarse en relaci\u00f3n con cualquiera de sus funciones. No podr\u00e1 intentar obtener acceso no autorizado a sistemas inform\u00e1ticos, datos o cualquier servicio disponible en su sitio web o a trav\u00e9s de \u00e9l, ni utilizar su sitio web o los servicios disponibles en \u00e9l o a trav\u00e9s de \u00e9l para interrumpir, da\u00f1ar, inutilizar, inundar o deteriorar este sitio web, o para interferir en el uso y disfrute del mismo por parte de terceros. No podr\u00e1 utilizar este sitio web ni sus servicios o funciones infringiendo la propiedad intelectual u otros derechos de propiedad o legales de terceros, ni ninguna ley aplicable. Queda prohibido intentar eludir, aplicar ingenier\u00eda inversa, descifrar o alterar o interferir de cualquier otro modo en este sitio web.<\/p>\n<h3><strong>Pol\u00edtica de devoluciones y reembolsos<\/strong><\/h3>\n<p>Tenemos una pol\u00edtica de devoluciones de 14 d\u00edas, lo que significa que tienes 14 d\u00edas despu\u00e9s de recibir tu art\u00edculo para solicitar una devoluci\u00f3n. <\/p>\n<p>Para poder realizar una devoluci\u00f3n, el art\u00edculo debe estar en las mismas condiciones en las que lo recibi\u00f3, sin usar y en su embalaje original. Tambi\u00e9n necesitar\u00e1 el recibo o justificante de compra. <\/p>\n<p>Para iniciar una devoluci\u00f3n, puede ponerse en contacto con nosotros en<u><a href=\"mailto:info@funggusless\">info@funggusless.com<\/a><\/u>. Si se acepta su devoluci\u00f3n, le enviaremos instrucciones sobre c\u00f3mo y d\u00f3nde enviar su paquete. No se aceptar\u00e1n art\u00edculos devueltos sin haber solicitado previamente la devoluci\u00f3n. <\/p>\n<p>Siempre puede ponerse en contacto con nosotros para cualquier consulta sobre devoluciones en <u><a href=\"mailto:info@funggusless\">info@funggusless.com<\/a><\/u> <\/p>\n<h3><strong>Da\u00f1os y perjuicios<\/strong> <\/h3>\n<p>Por favor, inspeccione su pedido en cuanto lo reciba y p\u00f3ngase en contacto con nosotros inmediatamente si el art\u00edculo est\u00e1 defectuoso, da\u00f1ado o si recibe un art\u00edculo equivocado para que podamos evaluar el problema y solucionarlo. <\/p>\n<h3><strong>Intercambios<\/strong> <\/h3>\n<p>La forma m\u00e1s r\u00e1pida de asegurarse lo que quiere es devolver el art\u00edculo que tiene y, una vez aceptada la devoluci\u00f3n, hacer una compra por separado del nuevo art\u00edculo. <\/p>\n<h3><strong>Reembolsos<\/strong> <\/h3>\n<p>Le notificaremos una vez hayamos recibido e inspeccionado su devoluci\u00f3n, y le comunicaremos si el reembolso ha sido aprobado o no. Si se aprueba, se le reembolsar\u00e1 autom\u00e1ticamente en su m\u00e9todo de pago original. Recuerde que el banco o la entidad emisora de la tarjeta de cr\u00e9dito pueden tardar alg\u00fan tiempo en procesar y contabilizar el reembolso.<\/p>\n\t\t\t\t\t\t\t\t<\/div>\n\t\t\t\t<\/div>\n\t\t\t\t\t<\/div>\n\t\t<\/div>\n\t\t\t\t\t<\/div>\n\t\t<\/section>\n\t\t\t\t<\/div>\n\t\t","protected":false},"excerpt":{"rendered":"<p>Condiciones generales Fungusless es propiedad y est\u00e1 gestionado por Beauty Solutions SL, conocida como Simon-tom.com. que utiliza este sitio web en www.fungusless.com como servicio a los clientes de Fungusless y a otras personas interesadas en sus productos. Al visitar este sitio web, usted acepta, sin limitaciones ni reservas, los siguientes t\u00e9rminos y condiciones: Uso de [&hellip;]<\/p>\n","protected":false},"author":98,"featured_media":0,"parent":0,"menu_order":0,"comment_status":"closed","ping_status":"closed","template":"","meta":{"site-sidebar-layout":"no-sidebar","site-content-layout":"page-builder","ast-site-content-layout":"","site-content-style":"default","site-sidebar-style":"default","ast-global-header-display":"","ast-banner-title-visibility":"","ast-main-header-display":"","ast-hfb-above-header-display":"","ast-hfb-below-header-display":"","ast-hfb-mobile-header-display":"","site-post-title":"disabled","ast-breadcrumbs-content":"","ast-featured-img":"disabled","footer-sml-layout":"","theme-transparent-header-meta":"default","adv-header-id-meta":"","stick-header-meta":"","header-above-stick-meta":"","header-main-stick-meta":"","header-below-stick-meta":"","astra-migrate-meta-layouts":"default","ast-page-background-enabled":"default","ast-page-background-meta":{"desktop":{"background-color":"var(--ast-global-color-4)","background-image":"","background-repeat":"repeat","background-position":"center center","background-size":"auto","background-attachment":"scroll","background-type":"","background-media":"","overlay-type":"","overlay-color":"","overlay-opacity":"","overlay-gradient":""},"tablet":{"background-color":"","background-image":"","background-repeat":"repeat","background-position":"center center","background-size":"auto","background-attachment":"scroll","background-type":"","background-media":"","overlay-type":"","overlay-color":"","overlay-opacity":"","overlay-gradient":""},"mobile":{"background-color":"","background-image":"","background-repeat":"repeat","background-position":"center center","background-size":"auto","background-attachment":"scroll","background-type":"","background-media":"","overlay-type":"","overlay-color":"","overlay-opacity":"","overlay-gradient":""}},"ast-content-background-meta":{"desktop":{"background-color":"var(--ast-global-color-5)","background-image":"","background-repeat":"repeat","background-position":"center center","background-size":"auto","background-attachment":"scroll","background-type":"","background-media":"","overlay-type":"","overlay-color":"","overlay-opacity":"","overlay-gradient":""},"tablet":{"background-color":"var(--ast-global-color-5)","background-image":"","background-repeat":"repeat","background-position":"center center","background-size":"auto","background-attachment":"scroll","background-type":"","background-media":"","overlay-type":"","overlay-color":"","overlay-opacity":"","overlay-gradient":""},"mobile":{"background-color":"var(--ast-global-color-5)","background-image":"","background-repeat":"repeat","background-position":"center center","background-size":"auto","background-attachment":"scroll","background-type":"","background-media":"","overlay-type":"","overlay-color":"","overlay-opacity":"","overlay-gradient":""}},"footnotes":""},"class_list":["post-27172","page","type-page","status-publish","hentry"],"_links":{"self":[{"href":"https:\/\/fungusless.com\/es\/wp-json\/wp\/v2\/pages\/27172"}],"collection":[{"href":"https:\/\/fungusless.com\/es\/wp-json\/wp\/v2\/pages"}],"about":[{"href":"https:\/\/fungusless.com\/es\/wp-json\/wp\/v2\/types\/page"}],"author":[{"embeddable":true,"href":"https:\/\/fungusless.com\/es\/wp-json\/wp\/v2\/users\/98"}],"replies":[{"embeddable":true,"href":"https:\/\/fungusless.com\/es\/wp-json\/wp\/v2\/comments?post=27172"}],"version-history":[{"count":3,"href":"https:\/\/fungusless.com\/es\/wp-json\/wp\/v2\/pages\/27172\/revisions"}],"predecessor-version":[{"id":27692,"href":"https:\/\/fungusless.com\/es\/wp-json\/wp\/v2\/pages\/27172\/revisions\/27692"}],"wp:attachment":[{"href":"https:\/\/fungusless.com\/es\/wp-json\/wp\/v2\/media?parent=27172"}],"curies":[{"name":"wp","href":"https:\/\/api.w.org\/{rel}","templated":true}]}}