{"id":27728,"date":"2015-05-01T08:33:22","date_gmt":"2015-05-01T08:33:22","guid":{"rendered":"https:\/\/fungusless.com\/product\/fungusless-paquete\/"},"modified":"2015-05-01T08:33:22","modified_gmt":"2015-05-01T08:33:22","slug":"sin-hongos","status":"publish","type":"product","link":"https:\/\/fungusless.com\/es\/product\/sin-hongos\/","title":{"rendered":"FungusLess <br> Paquete"},"content":{"rendered":"<p>Una f\u00f3rmula natural \u00fanica que<\/p>\n<p>elimina los hongos de las u\u00f1as y favorece el crecimiento sano de nuevas u\u00f1as.<\/p>\n<p>Tratamiento de primera calidad para eliminar los hongos de las u\u00f1as<br \/>\nContiene aceites de arg\u00e1n, \u00e1rbol del t\u00e9, clavo, romero y granada y otros componentes org\u00e1nicos<br \/>\nL\u00edquido altamente eficaz para reparar las u\u00f1as amarillas infectadas por hongos.<br \/>\nVer mejoras en 2 &#8211; 4 semanas<br \/>\nCl\u00ednicamente probado, dermatol\u00f3gicamente testado<br \/>\nApto para diab\u00e9ticos<br \/>\nVendido en m\u00e1s de 30 pa\u00edses de todo el mundo<\/p>\n","protected":false},"excerpt":{"rendered":"<p id=\"title\" class=\"a-size-large a-spacing-none\"><strong><span id=\"productTitle\" class=\"a-size-large\">Una f\u00f3rmula natural \u00fanica que <\/span><\/strong><\/p>\n<p class=\"a-size-large a-spacing-none\"><strong><span id=\"productTitle\" class=\"a-size-large\">elimina los hongos de las u\u00f1as y <\/span><\/strong><strong><span id=\"productTitle\" class=\"a-size-large\">favorece el crecimiento sano de nuevas u\u00f1as. <\/span><\/strong> <\/p>\n<ul class=\"a-vertical a-spacing-none\">\n<li><span class=\"a-list-item\">Tratamiento de primera calidad para eliminar los hongos de las u\u00f1as<\/span><\/li>\n<li><span class=\"a-list-item\">Contiene aceites de arg\u00e1n, \u00e1rbol del t\u00e9, clavo, romero y granada y otros componentes org\u00e1nicos<\/span><\/li>\n<li><span class=\"a-list-item\">L\u00edquido altamente eficaz para reparar las u\u00f1as amarillas infectadas por hongos.<\/span><\/li>\n<li><span class=\"a-list-item\">Ver mejoras en 2 &#8211; 4 semanas<\/span><\/li>\n<li><span class=\"a-list-item\">Cl\u00ednicamente probado, dermatol\u00f3gicamente testado<\/span><\/li>\n<li><span class=\"a-list-item\">Apto para diab\u00e9ticos<\/span><\/li>\n<li><span class=\"a-list-item\">Vendido en m\u00e1s de 30 pa\u00edses de todo el mundo<\/span><\/li>\n<\/ul>\n<p><strong>10 ml<\/strong><\/p>\n","protected":false},"featured_media":27352,"comment_status":"open","ping_status":"closed","template":"","meta":{"site-sidebar-layout":"default","site-content-layout":"default","ast-site-content-layout":"","site-content-style":"default","site-sidebar-style":"default","ast-global-header-display":"","ast-banner-title-visibility":"","ast-main-header-display":"","ast-hfb-above-header-display":"","ast-hfb-below-header-display":"","ast-hfb-mobile-header-display":"","site-post-title":"","ast-breadcrumbs-content":"","ast-featured-img":"","footer-sml-layout":"","theme-transparent-header-meta":"default","adv-header-id-meta":"","stick-header-meta":"","header-above-stick-meta":"","header-main-stick-meta":"","header-below-stick-meta":"","astra-migrate-meta-layouts":"default","ast-page-background-enabled":"default","ast-page-background-meta":{"desktop":{"background-color":"var(--ast-global-color-4)","background-image":"","background-repeat":"repeat","background-position":"center center","background-size":"auto","background-attachment":"scroll","background-type":"","background-media":"","overlay-type":"","overlay-color":"","overlay-opacity":"","overlay-gradient":""},"tablet":{"background-color":"","background-image":"","background-repeat":"repeat","background-position":"center center","background-size":"auto","background-attachment":"scroll","background-type":"","background-media":"","overlay-type":"","overlay-color":"","overlay-opacity":"","overlay-gradient":""},"mobile":{"background-color":"","background-image":"","background-repeat":"repeat","background-position":"center center","background-size":"auto","background-attachment":"scroll","background-type":"","background-media":"","overlay-type":"","overlay-color":"","overlay-opacity":"","overlay-gradient":""}},"ast-content-background-meta":{"desktop":{"background-color":"var(--ast-global-color-5)","background-image":"","background-repeat":"repeat","background-position":"center center","background-size":"auto","background-attachment":"scroll","background-type":"","background-media":"","overlay-type":"","overlay-color":"","overlay-opacity":"","overlay-gradient":""},"tablet":{"background-color":"var(--ast-global-color-5)","background-image":"","background-repeat":"repeat","background-position":"center center","background-size":"auto","background-attachment":"scroll","background-type":"","background-media":"","overlay-type":"","overlay-color":"","overlay-opacity":"","overlay-gradient":""},"mobile":{"background-color":"var(--ast-global-color-5)","background-image":"","background-repeat":"repeat","background-position":"center center","background-size":"auto","background-attachment":"scroll","background-type":"","background-media":"","overlay-type":"","overlay-color":"","overlay-opacity":"","overlay-gradient":""}}},"product_brand":[],"product_cat":[292],"product_tag":[285,287,288,286,291,284,280,281,282,279,290,289,278,283],"class_list":{"0":"post-27728","1":"product","2":"type-product","3":"status-publish","4":"has-post-thumbnail","6":"product_cat-fungusless-es","7":"product_tag-aceite-de-argan","8":"product_tag-aceite-de-clavo","9":"product_tag-aceite-de-romero","10":"product_tag-aceite-del-arbol-del-te","11":"product_tag-cuidado-de-las-unas","12":"product_tag-formula-natural","13":"product_tag-hongos-en-las-unas","14":"product_tag-infeccion-de-unas","15":"product_tag-infeccion-por-hongos-en-las-unas","16":"product_tag-menos-hongos","17":"product_tag-simon-tom-es","18":"product_tag-simontom-es","19":"product_tag-sin-hongos","20":"product_tag-tratamiento-de-hongos-en-las-unas","21":"desktop-align-center","22":"tablet-align-center","23":"mobile-align-left","25":"first","26":"instock","27":"featured","28":"shipping-taxable","29":"purchasable","30":"product-type-simple"},"_links":{"self":[{"href":"https:\/\/fungusless.com\/es\/wp-json\/wp\/v2\/product\/27728"}],"collection":[{"href":"https:\/\/fungusless.com\/es\/wp-json\/wp\/v2\/product"}],"about":[{"href":"https:\/\/fungusless.com\/es\/wp-json\/wp\/v2\/types\/product"}],"replies":[{"embeddable":true,"href":"https:\/\/fungusless.com\/es\/wp-json\/wp\/v2\/comments?post=27728"}],"wp:featuredmedia":[{"embeddable":true,"href":"https:\/\/fungusless.com\/es\/wp-json\/wp\/v2\/media\/27352"}],"wp:attachment":[{"href":"https:\/\/fungusless.com\/es\/wp-json\/wp\/v2\/media?parent=27728"}],"wp:term":[{"taxonomy":"product_brand","embeddable":true,"href":"https:\/\/fungusless.com\/es\/wp-json\/wp\/v2\/product_brand?post=27728"},{"taxonomy":"product_cat","embeddable":true,"href":"https:\/\/fungusless.com\/es\/wp-json\/wp\/v2\/product_cat?post=27728"},{"taxonomy":"product_tag","embeddable":true,"href":"https:\/\/fungusless.com\/es\/wp-json\/wp\/v2\/product_tag?post=27728"}],"curies":[{"name":"wp","href":"https:\/\/api.w.org\/{rel}","templated":true}]}}