{"id":17608,"date":"2015-06-01T12:30:53","date_gmt":"2015-06-01T12:30:53","guid":{"rendered":"https:\/\/fungusless.com\/about-us\/"},"modified":"2023-03-05T07:30:11","modified_gmt":"2023-03-05T07:30:11","slug":"about-us","status":"publish","type":"page","link":"https:\/\/fungusless.com\/it\/about-us\/","title":{"rendered":"Chi siamo"},"content":{"rendered":"<h2 style=\"text-align: center;\"><\/h2>\n<p>L&#8217;obiettivo di<strong><a href=\"http:\/\/simon-tom.com\/\" target=\"_blank\" rel=\"noopener\">Simon &amp; Tom<\/a><\/strong>\u00e8 quello di fornire a voi, nostri clienti, prodotti di bellezza e sanitari di altissima qualit\u00e0.<\/p>\n<p>Il nostro obiettivo principale \u00e8 garantire standard elevati in tutti i prodotti che abbiamo ricercato e formulato appositamente. Vogliamo sviluppare un rapporto con i nostri clienti per capire le loro esigenze e offrire loro prodotti di bellezza e sanitari della migliore qualit\u00e0.<\/p>\n<p>Il <strong><a href=\"http:\/\/simon-tom.com\/\" target=\"_blank\" rel=\"noopener\">Simon &amp; Tom<\/a><\/strong> \u00e8 nato dall&#8217;amore per i <strong>prodotti di bellezza di qualit\u00e0 superiore<\/strong>,<strong> ricchi di oli ed estratti naturali.<\/strong><\/p>\n<p>Un olio presente in molti dei nostri prodotti \u00e8 l&#8217;<a href=\"http:\/\/fungusless.com\/update\/#natural-formula\">olio di Argan<\/a> marocchino, che produciamo noi stessi, garantendo cos\u00ec l&#8217;utilizzo di olio di altissima qualit\u00e0. L&#8217;<a href=\"http:\/\/fungusless.com\/update\/#natural-formula\">olio di argan<\/a> \u00e8 ricco di vitamina E, antiossidanti e altri acidi grassi ed \u00e8 rinomato per le sue propriet\u00e0 idratanti, poich\u00e9 si assorbe facilmente nella pelle, nei capelli e nelle unghie, riparando, curando e proteggendo dall&#8217;interno.<\/p>\n<p><strong><a href=\"http:\/\/simon-tom.com\/\" target=\"_blank\" rel=\"noopener\">Simon &amp; Tom<\/a><\/strong> da oltre 10 anni vende in tutto il mondo <a href=\"http:\/\/fungusless.com\/#what-is-fungusless\">FungusLess<\/a>, <a href=\"http:\/\/simon-tom.com\/product\/moroccan-treatment\/\" target=\"_blank\" rel=\"noopener\">Moroccan Hair Treatment<\/a>, <a href=\"http:\/\/simon-tom.com\/product\/eyelashes-growth-serum\/\" target=\"_blank\" rel=\"noopener\">Eyelashes Growth Serum<\/a>, <a href=\"http:\/\/simon-tom.com\/product\/callus-removing-gel\/\">Callus Removing Gel<\/a>, <a href=\"http:\/\/simon-tom.com\/product\/soft-peeling\/\">Soft Peeling Gel<\/a> e molti altri prodotti di bellezza e sanitari a distributori, saloni di bellezza e negozi in pi\u00f9 di 30 paesi.<\/p>\n<div><\/div>\n<div>Se avete commenti, suggerimenti o domande, saremo lieti di riceverli. Sentitevi liberi di <strong><a href=\"http:\/\/fungusless.com\/update\/contact\/\" target=\"_blank\" rel=\"noopener\">contattarci<\/a><\/strong>in qualsiasi momento o seguiteci sui social media.<\/div>\n<p style=\"text-align: center; font-size: 12px;\">\n<p>&nbsp;<\/p>\n","protected":false},"excerpt":{"rendered":"<p>L&#8217;obiettivo diSimon &amp; Tom\u00e8 quello di fornire a voi, nostri clienti, prodotti di bellezza e sanitari di altissima qualit\u00e0. Il nostro obiettivo principale \u00e8 garantire standard elevati in tutti i prodotti che abbiamo ricercato e formulato appositamente. Vogliamo sviluppare un rapporto con i nostri clienti per capire le loro esigenze e offrire loro prodotti di [&hellip;]<\/p>\n","protected":false},"author":98,"featured_media":0,"parent":0,"menu_order":0,"comment_status":"closed","ping_status":"open","template":"","meta":{"site-sidebar-layout":"default","site-content-layout":"default","ast-site-content-layout":"","site-content-style":"default","site-sidebar-style":"default","ast-global-header-display":"","ast-banner-title-visibility":"","ast-main-header-display":"","ast-hfb-above-header-display":"","ast-hfb-below-header-display":"","ast-hfb-mobile-header-display":"","site-post-title":"","ast-breadcrumbs-content":"","ast-featured-img":"","footer-sml-layout":"","theme-transparent-header-meta":"default","adv-header-id-meta":"","stick-header-meta":"","header-above-stick-meta":"","header-main-stick-meta":"","header-below-stick-meta":"","astra-migrate-meta-layouts":"default","ast-page-background-enabled":"default","ast-page-background-meta":{"desktop":{"background-color":"var(--ast-global-color-4)","background-image":"","background-repeat":"repeat","background-position":"center center","background-size":"auto","background-attachment":"scroll","background-type":"","background-media":"","overlay-type":"","overlay-color":"","overlay-opacity":"","overlay-gradient":""},"tablet":{"background-color":"","background-image":"","background-repeat":"repeat","background-position":"center center","background-size":"auto","background-attachment":"scroll","background-type":"","background-media":"","overlay-type":"","overlay-color":"","overlay-opacity":"","overlay-gradient":""},"mobile":{"background-color":"","background-image":"","background-repeat":"repeat","background-position":"center center","background-size":"auto","background-attachment":"scroll","background-type":"","background-media":"","overlay-type":"","overlay-color":"","overlay-opacity":"","overlay-gradient":""}},"ast-content-background-meta":{"desktop":{"background-color":"var(--ast-global-color-5)","background-image":"","background-repeat":"repeat","background-position":"center center","background-size":"auto","background-attachment":"scroll","background-type":"","background-media":"","overlay-type":"","overlay-color":"","overlay-opacity":"","overlay-gradient":""},"tablet":{"background-color":"var(--ast-global-color-5)","background-image":"","background-repeat":"repeat","background-position":"center center","background-size":"auto","background-attachment":"scroll","background-type":"","background-media":"","overlay-type":"","overlay-color":"","overlay-opacity":"","overlay-gradient":""},"mobile":{"background-color":"var(--ast-global-color-5)","background-image":"","background-repeat":"repeat","background-position":"center center","background-size":"auto","background-attachment":"scroll","background-type":"","background-media":"","overlay-type":"","overlay-color":"","overlay-opacity":"","overlay-gradient":""}},"footnotes":""},"class_list":["post-17608","page","type-page","status-publish","hentry"],"_links":{"self":[{"href":"https:\/\/fungusless.com\/it\/wp-json\/wp\/v2\/pages\/17608"}],"collection":[{"href":"https:\/\/fungusless.com\/it\/wp-json\/wp\/v2\/pages"}],"about":[{"href":"https:\/\/fungusless.com\/it\/wp-json\/wp\/v2\/types\/page"}],"author":[{"embeddable":true,"href":"https:\/\/fungusless.com\/it\/wp-json\/wp\/v2\/users\/98"}],"replies":[{"embeddable":true,"href":"https:\/\/fungusless.com\/it\/wp-json\/wp\/v2\/comments?post=17608"}],"version-history":[{"count":3,"href":"https:\/\/fungusless.com\/it\/wp-json\/wp\/v2\/pages\/17608\/revisions"}],"predecessor-version":[{"id":17615,"href":"https:\/\/fungusless.com\/it\/wp-json\/wp\/v2\/pages\/17608\/revisions\/17615"}],"wp:attachment":[{"href":"https:\/\/fungusless.com\/it\/wp-json\/wp\/v2\/media?parent=17608"}],"curies":[{"name":"wp","href":"https:\/\/api.w.org\/{rel}","templated":true}]}}