{"id":17647,"date":"2023-03-01T10:35:46","date_gmt":"2023-03-01T10:35:46","guid":{"rendered":"https:\/\/fungusless.com\/terms-and-conditions\/"},"modified":"2023-04-12T12:51:01","modified_gmt":"2023-04-12T12:51:01","slug":"terms-and-conditions","status":"publish","type":"page","link":"https:\/\/fungusless.com\/it\/terms-and-conditions\/","title":{"rendered":"Termini e condizioni"},"content":{"rendered":"\t\t<div data-elementor-type=\"wp-page\" data-elementor-id=\"17647\" class=\"elementor elementor-17647 elementor-17509\" data-elementor-post-type=\"page\">\n\t\t\t\t\t\t<section class=\"elementor-section elementor-top-section elementor-element elementor-element-f5c1a6f elementor-section-boxed elementor-section-height-default elementor-section-height-default\" data-id=\"f5c1a6f\" data-element_type=\"section\" data-e-type=\"section\">\n\t\t\t\t\t\t<div class=\"elementor-container elementor-column-gap-default\">\n\t\t\t\t\t<div class=\"elementor-column elementor-col-100 elementor-top-column elementor-element elementor-element-382c617\" data-id=\"382c617\" data-element_type=\"column\" data-e-type=\"column\">\n\t\t\t<div class=\"elementor-widget-wrap elementor-element-populated\">\n\t\t\t\t\t\t<div class=\"elementor-element elementor-element-b4bd35c elementor-widget elementor-widget-text-editor\" data-id=\"b4bd35c\" data-element_type=\"widget\" data-e-type=\"widget\" data-widget_type=\"text-editor.default\">\n\t\t\t\t<div class=\"elementor-widget-container\">\n\t\t\t\t\t\t\t\t\t<h2><b>Termini e condizioni<\/b><\/h2>\n<p>Fungusless \u00e8 di propriet\u00e0 e gestito da <span style=\"background-color: var(--ast-global-color-5);\">Beauty Solutions SL, nota come <a href=\"https:\/\/simon-tom.com\/\">Simon-tom.com.<\/a><\/span><\/p>\n<p> che utilizza questo sito web all&#8217;indirizzo <a href=\"https:\/\/fungusless.com\/it\/\">www.fungusless.com<\/a> come servizio ai clienti di Fungusless e ad altri interessati ai suoi prodotti. Visitando questo sito web, l&#8217;utente accetta, senza limitazioni o qualifiche, i seguenti termini e condizioni:<\/p>\n<p><strong>Utilizzo di questo sito web e dei suoi dati<\/strong><\/p>\n<p>Se non espressamente consentito da <strong>Fungusless<\/strong> per iscritto o in altre parti del sito, non \u00e8 consentito copiare, riprodurre, distribuire, pubblicare, archiviare, memorizzare nella cache, diffondere, mostrare, eseguire, modificare, creare opere derivate, trasferire, vendere o sfruttare in qualsiasi modo il contenuto del sito. Non \u00e8 consentito tentare di ottenere elenchi di utenti o di accedere alle informazioni personali degli utenti o di altri da o tramite questo sito web. L&#8217;utente non pu\u00f2 inoltre utilizzare spider, crawler o utility simili o utilizzare qualsiasi mezzo automatico per accedere o accedere al sito web per registrarsi in merito a una qualsiasi delle sue funzionalit\u00e0. L&#8217;utente non pu\u00f2 tentare di ottenere un accesso non autorizzato ai sistemi informatici, ai dati o a qualsiasi servizio reso disponibile su o tramite il loro sito web o utilizzare il loro sito web o i servizi resi disponibili su o tramite esso per interrompere, danneggiare, disattivare, inondare o compromettere questo sito web, o interferire con l&#8217;uso e il godimento di qualsiasi altra parte. L&#8217;utente non pu\u00f2 utilizzare questo sito web o i suoi servizi o funzionalit\u00e0 in violazione della propriet\u00e0 intellettuale di terzi o di altri diritti proprietari o legali, o di qualsiasi legge applicabile. L&#8217;utente non pu\u00f2 tentare di aggirare, decodificare, decriptare o alterare in altro modo o interferire con questo sito web.<\/p>\n<h3><strong>Politica di restituzione e rimborso<\/strong><\/h3>\n<p>Abbiamo una politica di restituzione di 14 giorni, il che significa che avete 14 giorni di tempo dopo aver ricevuto l&#8217;articolo per richiedere una restituzione. <\/p>\n<p>Per poter essere restituito, l&#8217;articolo deve essere nelle stesse condizioni in cui \u00e8 stato ricevuto, non usato e nella sua confezione originale. \u00c8 necessario anche lo scontrino o la prova d&#8217;acquisto. <\/p>\n<p>Per avviare una restituzione, potete contattarci all&#8217;indirizzo <u><a href=\"mailto:info@funggusless\">info@funggusless.com<\/a><\/u>. Se il reso viene accettato, vi invieremo le istruzioni su come e dove spedire il pacco. Gli articoli rispediti a noi senza aver prima richiesto un reso non saranno accettati. <\/p>\n<p>Potete sempre contattarci per qualsiasi domanda di restituzione all&#8217;indirizzo <u><a href=\"mailto:info@funggusless\">info@funggusless.com<\/a><\/u> <\/p>\n<h3><strong>Danni e problemi<\/strong> <\/h3>\n<p>Si prega di ispezionare l&#8217;ordine al momento della ricezione e di contattarci immediatamente se l&#8217;articolo \u00e8 difettoso, danneggiato o se si riceve un articolo sbagliato, in modo da poter valutare il problema e rimediare. <\/p>\n<h3><strong>Scambi<\/strong> <\/h3>\n<p>Il modo pi\u00f9 rapido per assicurarsi di ottenere ci\u00f2 che si desidera \u00e8 quello di restituire l&#8217;articolo in possesso e, una volta accettato il reso, effettuare un acquisto separato per il nuovo articolo. <\/p>\n<h3><strong>Rimborsi<\/strong> <\/h3>\n<p>Vi informeremo una volta ricevuto e ispezionato il vostro reso e vi comunicheremo se il rimborso \u00e8 stato approvato o meno. Se approvato, il rimborso verr\u00e0 effettuato automaticamente con il metodo di pagamento originale. Ricordate che pu\u00f2 essere necessario un po&#8217; di tempo perch\u00e9 la banca o la societ\u00e0 di carte di credito elaborino e pubblichino il rimborso.<\/p>\n\t\t\t\t\t\t\t\t<\/div>\n\t\t\t\t<\/div>\n\t\t\t\t\t<\/div>\n\t\t<\/div>\n\t\t\t\t\t<\/div>\n\t\t<\/section>\n\t\t\t\t<\/div>\n\t\t","protected":false},"excerpt":{"rendered":"<p>Termini e condizioni Fungusless \u00e8 di propriet\u00e0 e gestito da Beauty Solutions SL, nota come Simon-tom.com. che utilizza questo sito web all&#8217;indirizzo www.fungusless.com come servizio ai clienti di Fungusless e ad altri interessati ai suoi prodotti. Visitando questo sito web, l&#8217;utente accetta, senza limitazioni o qualifiche, i seguenti termini e condizioni: Utilizzo di questo sito [&hellip;]<\/p>\n","protected":false},"author":98,"featured_media":0,"parent":0,"menu_order":0,"comment_status":"closed","ping_status":"closed","template":"","meta":{"site-sidebar-layout":"no-sidebar","site-content-layout":"page-builder","ast-site-content-layout":"","site-content-style":"default","site-sidebar-style":"default","ast-global-header-display":"","ast-banner-title-visibility":"","ast-main-header-display":"","ast-hfb-above-header-display":"","ast-hfb-below-header-display":"","ast-hfb-mobile-header-display":"","site-post-title":"disabled","ast-breadcrumbs-content":"","ast-featured-img":"disabled","footer-sml-layout":"","theme-transparent-header-meta":"default","adv-header-id-meta":"","stick-header-meta":"","header-above-stick-meta":"","header-main-stick-meta":"","header-below-stick-meta":"","astra-migrate-meta-layouts":"default","ast-page-background-enabled":"default","ast-page-background-meta":{"desktop":{"background-color":"var(--ast-global-color-4)","background-image":"","background-repeat":"repeat","background-position":"center center","background-size":"auto","background-attachment":"scroll","background-type":"","background-media":"","overlay-type":"","overlay-color":"","overlay-opacity":"","overlay-gradient":""},"tablet":{"background-color":"","background-image":"","background-repeat":"repeat","background-position":"center center","background-size":"auto","background-attachment":"scroll","background-type":"","background-media":"","overlay-type":"","overlay-color":"","overlay-opacity":"","overlay-gradient":""},"mobile":{"background-color":"","background-image":"","background-repeat":"repeat","background-position":"center center","background-size":"auto","background-attachment":"scroll","background-type":"","background-media":"","overlay-type":"","overlay-color":"","overlay-opacity":"","overlay-gradient":""}},"ast-content-background-meta":{"desktop":{"background-color":"var(--ast-global-color-5)","background-image":"","background-repeat":"repeat","background-position":"center center","background-size":"auto","background-attachment":"scroll","background-type":"","background-media":"","overlay-type":"","overlay-color":"","overlay-opacity":"","overlay-gradient":""},"tablet":{"background-color":"var(--ast-global-color-5)","background-image":"","background-repeat":"repeat","background-position":"center center","background-size":"auto","background-attachment":"scroll","background-type":"","background-media":"","overlay-type":"","overlay-color":"","overlay-opacity":"","overlay-gradient":""},"mobile":{"background-color":"var(--ast-global-color-5)","background-image":"","background-repeat":"repeat","background-position":"center center","background-size":"auto","background-attachment":"scroll","background-type":"","background-media":"","overlay-type":"","overlay-color":"","overlay-opacity":"","overlay-gradient":""}},"footnotes":""},"class_list":["post-17647","page","type-page","status-publish","hentry"],"_links":{"self":[{"href":"https:\/\/fungusless.com\/it\/wp-json\/wp\/v2\/pages\/17647"}],"collection":[{"href":"https:\/\/fungusless.com\/it\/wp-json\/wp\/v2\/pages"}],"about":[{"href":"https:\/\/fungusless.com\/it\/wp-json\/wp\/v2\/types\/page"}],"author":[{"embeddable":true,"href":"https:\/\/fungusless.com\/it\/wp-json\/wp\/v2\/users\/98"}],"replies":[{"embeddable":true,"href":"https:\/\/fungusless.com\/it\/wp-json\/wp\/v2\/comments?post=17647"}],"version-history":[{"count":3,"href":"https:\/\/fungusless.com\/it\/wp-json\/wp\/v2\/pages\/17647\/revisions"}],"predecessor-version":[{"id":17706,"href":"https:\/\/fungusless.com\/it\/wp-json\/wp\/v2\/pages\/17647\/revisions\/17706"}],"wp:attachment":[{"href":"https:\/\/fungusless.com\/it\/wp-json\/wp\/v2\/media?parent=17647"}],"curies":[{"name":"wp","href":"https:\/\/api.w.org\/{rel}","templated":true}]}}