{"id":17751,"date":"2023-02-13T16:59:42","date_gmt":"2023-02-13T16:59:42","guid":{"rendered":"https:\/\/fungusless.com\/product\/fungusless-foot-cream\/"},"modified":"2023-03-07T12:14:41","modified_gmt":"2023-03-07T12:14:41","slug":"fungusless-foot-cream","status":"publish","type":"product","link":"https:\/\/fungusless.com\/it\/product\/fungusless-foot-cream\/","title":{"rendered":"FungusLess <br> Crema per i piedi"},"content":{"rendered":"<p>Simon &amp; Tom Foot Cream \u00e8 una crema per piedi antibatterica, idratante e rigenerante di qualit\u00e0 superiore, appositamente formulata per riparare la pelle secca e i talloni screpolati. Questa crema per i piedi \u00e8 realizzata con ingredienti naturali, tra cui l&#8217;olio di argan, l&#8217;olio di tea tree e la menta piperita, per fornire ai piedi un&#8217;idratazione e un nutrimento intensi. L&#8217;olio di argan aiuta a idratare e rigenerare la pelle, mentre l&#8217;olio di tea tree ha propriet\u00e0 antibatteriche e antimicotiche che aiutano a mantenere i piedi puliti e sani. L&#8217;aggiunta di menta piperita offre una sensazione rinfrescante e tonificante, rendendo questa crema una scelta perfetta per un massaggio rilassante ai piedi dopo una lunga giornata.<\/p>\n","protected":false},"excerpt":{"rendered":"<p>Simon &amp; Tom Foot Cream \u00e8 una crema per piedi antibatterica, idratante e rigenerante di qualit\u00e0 superiore, appositamente formulata per riparare la pelle secca e i talloni screpolati. Questa crema per i piedi \u00e8 realizzata con ingredienti naturali, tra cui l&#8217;olio di argan, l&#8217;olio di tea tree e la menta piperita, per fornire ai piedi un&#8217;idratazione e un nutrimento intensi. L&#8217;olio di argan aiuta a idratare e rigenerare la pelle, mentre l&#8217;olio di tea tree ha propriet\u00e0 antibatteriche e antimicotiche che aiutano a mantenere i piedi puliti e sani. L&#8217;aggiunta di menta piperita offre una sensazione rinfrescante e tonificante, rendendo questa crema una scelta perfetta per un massaggio rilassante ai piedi dopo una lunga giornata.<\/p>\n","protected":false},"featured_media":17754,"comment_status":"open","ping_status":"closed","template":"","meta":{"site-sidebar-layout":"default","site-content-layout":"default","ast-site-content-layout":"","site-content-style":"default","site-sidebar-style":"default","ast-global-header-display":"","ast-banner-title-visibility":"","ast-main-header-display":"","ast-hfb-above-header-display":"","ast-hfb-below-header-display":"","ast-hfb-mobile-header-display":"","site-post-title":"","ast-breadcrumbs-content":"","ast-featured-img":"","footer-sml-layout":"","theme-transparent-header-meta":"default","adv-header-id-meta":"","stick-header-meta":"","header-above-stick-meta":"","header-main-stick-meta":"","header-below-stick-meta":"","astra-migrate-meta-layouts":"default","ast-page-background-enabled":"default","ast-page-background-meta":{"desktop":{"background-color":"var(--ast-global-color-4)","background-image":"","background-repeat":"repeat","background-position":"center center","background-size":"auto","background-attachment":"scroll","background-type":"","background-media":"","overlay-type":"","overlay-color":"","overlay-opacity":"","overlay-gradient":""},"tablet":{"background-color":"","background-image":"","background-repeat":"repeat","background-position":"center center","background-size":"auto","background-attachment":"scroll","background-type":"","background-media":"","overlay-type":"","overlay-color":"","overlay-opacity":"","overlay-gradient":""},"mobile":{"background-color":"","background-image":"","background-repeat":"repeat","background-position":"center center","background-size":"auto","background-attachment":"scroll","background-type":"","background-media":"","overlay-type":"","overlay-color":"","overlay-opacity":"","overlay-gradient":""}},"ast-content-background-meta":{"desktop":{"background-color":"var(--ast-global-color-5)","background-image":"","background-repeat":"repeat","background-position":"center center","background-size":"auto","background-attachment":"scroll","background-type":"","background-media":"","overlay-type":"","overlay-color":"","overlay-opacity":"","overlay-gradient":""},"tablet":{"background-color":"var(--ast-global-color-5)","background-image":"","background-repeat":"repeat","background-position":"center center","background-size":"auto","background-attachment":"scroll","background-type":"","background-media":"","overlay-type":"","overlay-color":"","overlay-opacity":"","overlay-gradient":""},"mobile":{"background-color":"var(--ast-global-color-5)","background-image":"","background-repeat":"repeat","background-position":"center center","background-size":"auto","background-attachment":"scroll","background-type":"","background-media":"","overlay-type":"","overlay-color":"","overlay-opacity":"","overlay-gradient":""}}},"product_brand":[],"product_cat":[247],"product_tag":[248,249,250,251,252,253,254,255,256,257,258,259,260,261],"class_list":{"0":"post-17751","1":"product","2":"type-product","3":"status-publish","4":"has-post-thumbnail","6":"product_cat-fungusless-it","7":"product_tag-argan-oil-it","8":"product_tag-clove-oil-it","9":"product_tag-fungal-nail-infectiion-it","10":"product_tag-fungus-less-it","11":"product_tag-fungusless-it","12":"product_tag-nail-care-it","13":"product_tag-nail-fungus-it","14":"product_tag-nail-fungus-treatment-it","15":"product_tag-nail-infection-it","16":"product_tag-natural-formula-it","17":"product_tag-rosemary-oil-it","18":"product_tag-simon-tom-it","19":"product_tag-simontom-it","20":"product_tag-tea-tree-oil-it","21":"desktop-align-center","22":"tablet-align-center","23":"mobile-align-left","25":"first","26":"instock","27":"featured","28":"shipping-taxable","29":"purchasable","30":"product-type-simple"},"_links":{"self":[{"href":"https:\/\/fungusless.com\/it\/wp-json\/wp\/v2\/product\/17751"}],"collection":[{"href":"https:\/\/fungusless.com\/it\/wp-json\/wp\/v2\/product"}],"about":[{"href":"https:\/\/fungusless.com\/it\/wp-json\/wp\/v2\/types\/product"}],"replies":[{"embeddable":true,"href":"https:\/\/fungusless.com\/it\/wp-json\/wp\/v2\/comments?post=17751"}],"wp:featuredmedia":[{"embeddable":true,"href":"https:\/\/fungusless.com\/it\/wp-json\/wp\/v2\/media\/17754"}],"wp:attachment":[{"href":"https:\/\/fungusless.com\/it\/wp-json\/wp\/v2\/media?parent=17751"}],"wp:term":[{"taxonomy":"product_brand","embeddable":true,"href":"https:\/\/fungusless.com\/it\/wp-json\/wp\/v2\/product_brand?post=17751"},{"taxonomy":"product_cat","embeddable":true,"href":"https:\/\/fungusless.com\/it\/wp-json\/wp\/v2\/product_cat?post=17751"},{"taxonomy":"product_tag","embeddable":true,"href":"https:\/\/fungusless.com\/it\/wp-json\/wp\/v2\/product_tag?post=17751"}],"curies":[{"name":"wp","href":"https:\/\/api.w.org\/{rel}","templated":true}]}}